{"id":3286,"date":"2023-12-09T06:38:10","date_gmt":"2023-12-09T06:38:10","guid":{"rendered":"https:\/\/cclit.com.bd\/?post_type=product&#038;p=3286"},"modified":"2023-12-09T06:38:12","modified_gmt":"2023-12-09T06:38:12","slug":"hikvision-ds-8664ni-i8-network-video-recorder-nvr","status":"publish","type":"product","link":"https:\/\/cclit.com.bd\/?product=hikvision-ds-8664ni-i8-network-video-recorder-nvr","title":{"rendered":"Hikvision DS-8664NI-I8 Network Video Recorder (NVR)"},"content":{"rendered":"<section id=\"specification\" class=\"specification-tab m-tb-10\">\n<div class=\"section-head\">\n<h2>Specification<\/h2>\n<\/div>\n<table class=\"data-table flex-table\" cellspacing=\"0\" cellpadding=\"0\">\n<colgroup>\n<col class=\"name\" \/>\n<col class=\"value\" \/><\/colgroup>\n<thead>\n<tr>\n<td class=\"heading-row\" colspan=\"3\">Audio and Video<\/td>\n<\/tr>\n<\/thead>\n<tbody>\n<tr>\n<td class=\"name\">IP Camera Input<\/td>\n<td class=\"value\">Up to 64-ch 12 MP IP cameras can be connected<\/td>\n<\/tr>\n<tr>\n<td class=\"name\">Two-Way Talk<\/td>\n<td class=\"value\">1-ch, RCA (2.0 Vp-p, 1 k \u03a9)<\/td>\n<\/tr>\n<\/tbody>\n<thead>\n<tr>\n<td class=\"heading-row\" colspan=\"3\">Display<\/td>\n<\/tr>\n<\/thead>\n<tbody>\n<tr>\n<td class=\"name\">Interface<\/td>\n<td class=\"value\">H.265+\/H.265\/H.264\/H.264+\/MPEG4<\/td>\n<\/tr>\n<tr>\n<td class=\"name\">Decoding Capacity<\/td>\n<td class=\"value\">2-ch @ 12 MP (20fps) \/ 4-ch @ 8 MP (25fps) \/ 8-ch @ 4MP (30fps) \/ 16-ch @ 1080p (30fps)<\/td>\n<\/tr>\n<\/tbody>\n<thead>\n<tr>\n<td class=\"heading-row\" colspan=\"3\">Recording<\/td>\n<\/tr>\n<\/thead>\n<tbody>\n<tr>\n<td class=\"name\">Resolution<\/td>\n<td class=\"value\">CVBS output (Optional) : 1-ch, BNC (1.0 Vp-p, 75 \u03a9), resolution: PAL: 704 \u00d7 576, NTSC: 704 \u00d7 480<br \/>\nVGA1 \/HDMI1 output resolution : HDMI1: 4K (3840 \u00d7 2160)\/60Hz, 4K (3840 \u00d7 2160)\/30Hz, 2K (2560 \u00d7 1440)\/60Hz, 1920 \u00d7 1080p\/60Hz, 1600 \u00d7 1200\/60Hz, 1280 \u00d7 1024\/60Hz, 1280 \u00d7 720\/60Hz, 1024 \u00d7 768\/60Hz VGA1: 2K (2560 \u00d7 1440)\/60Hz, 1920 \u00d7 1080p\/60Hz, 1600 \u00d7 1200\/60Hz, 1280 \u00d7 1024\/60Hz, 1280 \u00d7<br \/>\nVGA2 \/HDMI2 output resolution : 1920 \u00d7 1080p\/60Hz, 1280 \u00d7 1024\/60Hz, 1280 \u00d7 720\/60Hz, 1024 \u00d7 768\/60Hz<\/td>\n<\/tr>\n<tr>\n<td class=\"name\">Record Rate<\/td>\n<td class=\"value\">128 Mbps<\/td>\n<\/tr>\n<\/tbody>\n<thead>\n<tr>\n<td class=\"heading-row\" colspan=\"3\">Video Detection And Alarm<\/td>\n<\/tr>\n<\/thead>\n<tbody>\n<tr>\n<td class=\"name\">Alarm Input<\/td>\n<td class=\"value\">Yes<\/td>\n<\/tr>\n<\/tbody>\n<thead>\n<tr>\n<td class=\"heading-row\" colspan=\"3\">Playback And Backup<\/td>\n<\/tr>\n<\/thead>\n<tbody>\n<tr>\n<td class=\"name\">Sync Playback<\/td>\n<td class=\"value\">Yes ( 8-ch )<\/td>\n<\/tr>\n<tr>\n<td class=\"name\">Playback Function<\/td>\n<td class=\"value\">12 MP\/8 MP\/6 MP\/5 MP\/4 MP\/3 MP\/1080p\/UXGA\/720p\/VGA\/4CIF\/DCIF \/2CIF\/CIF\/QCIF<\/td>\n<\/tr>\n<\/tbody>\n<thead>\n<tr>\n<td class=\"heading-row\" colspan=\"3\">Third Party Support<\/td>\n<\/tr>\n<\/thead>\n<tbody>\n<tr>\n<td class=\"name\">Third Party Support<\/td>\n<td class=\"value\">YesH.265+\/H.265\/H.264\/H.264+\/MPEG4<\/td>\n<\/tr>\n<\/tbody>\n<thead>\n<tr>\n<td class=\"heading-row\" colspan=\"3\">Network<\/td>\n<\/tr>\n<\/thead>\n<tbody>\n<tr>\n<td class=\"name\">Interface<\/td>\n<td class=\"value\">2, RJ-45 10\/100\/1000 Mbps self-adaptive Ethernet interface<\/td>\n<\/tr>\n<tr>\n<td class=\"name\">Ethernet Port<\/td>\n<td class=\"value\">2<\/td>\n<\/tr>\n<tr>\n<td class=\"name\">Network Function<\/td>\n<td class=\"value\">TCP\/IP, DHCP, Hik-Connect, DNS, DDNS, NTP, SADP, SMTP, NFS, iSCSI, UPnP, HTTPS<\/td>\n<\/tr>\n<\/tbody>\n<thead>\n<tr>\n<td class=\"heading-row\" colspan=\"3\">Storage<\/td>\n<\/tr>\n<\/thead>\n<tbody>\n<tr>\n<td class=\"name\">HDD Mode<\/td>\n<td class=\"value\">8 SATA interfaces for 8HDDs<br \/>\nUp to 10TB capacity for each HDD<\/td>\n<\/tr>\n<tr>\n<td class=\"name\">eSATA<\/td>\n<td class=\"value\">1 eSATA interface<\/td>\n<\/tr>\n<\/tbody>\n<thead>\n<tr>\n<td class=\"heading-row\" colspan=\"3\">Auxiliary Interface<\/td>\n<\/tr>\n<\/thead>\n<tbody>\n<tr>\n<td class=\"name\">USB<\/td>\n<td class=\"value\">Front panel: 2 \u00d7 USB 2.0; Rear panel: 1 \u00d7 USB 3.0<\/td>\n<\/tr>\n<tr>\n<td class=\"name\">RS232<\/td>\n<td class=\"value\">Yes<\/td>\n<\/tr>\n<tr>\n<td class=\"name\">RS485<\/td>\n<td class=\"value\">Yes<\/td>\n<\/tr>\n<\/tbody>\n<thead>\n<tr>\n<td class=\"heading-row\" colspan=\"3\">Power<\/td>\n<\/tr>\n<\/thead>\n<tbody>\n<tr>\n<td class=\"name\">Power Supply<\/td>\n<td class=\"value\">100 to 240 VAC, 50 to 60 Hz<\/td>\n<\/tr>\n<tr>\n<td class=\"name\">Power Consumption<\/td>\n<td class=\"value\">Max. Power : 200 W<br \/>\nConsumption (without HDD) : \u2264 30 W<\/td>\n<\/tr>\n<\/tbody>\n<thead>\n<tr>\n<td class=\"heading-row\" colspan=\"3\">Construction<\/td>\n<\/tr>\n<\/thead>\n<tbody>\n<tr>\n<td class=\"name\">Dimensions<\/td>\n<td class=\"value\">445 \u00d7 470 \u00d790 mm (17.5&#8243;\u00d7 18.5&#8243; \u00d7 3.5&#8243;)<\/td>\n<\/tr>\n<tr>\n<td class=\"name\">Net Weight<\/td>\n<td class=\"value\">Weight (without HDD) : \u2264 8 kg (17.6 lb)<\/td>\n<\/tr>\n<\/tbody>\n<\/table>\n<\/section>\n<section id=\"description\" class=\"description bg-white m-tb-15\">\n<div class=\"section-head\">\n<h2>Description<\/h2>\n<\/div>\n<div class=\"full-description\">\n<h2>Hikvision DS-8664NI-I8 Network Video Recorder (NVR)<\/h2>\n<div>It supports dual-OS design to ensure high reliability of system running. It has new logical and visualized GUI design. It can be Connectable to the third-party network cameras. Its ANR technology helps to enhance the storage reliability when the network is disconnected. Up to 64-ch 12 MP IP cameras can be connected. It also has HDD hot swap with RAID0, RAID1, RAID5, RAID6 and RAID10 storage scheme configurable. . On the other hand, Its H.265+ compression effectively reduces the storage space and costs by up to 75%.Its Full channel can be recorded at up to 12MP resolution. Last of all , it has 8 SATA interfaces for 8HDDs and 1 eSATA interface.<\/div>\n<div>It comes with 01 Year Warranty.<\/div>\n<\/div>\n<\/section>\n","protected":false},"excerpt":{"rendered":"<p>&nbsp;<\/p>\n<h2>Key Features<\/h2>\n<ul>\n<li>Model: Hikvision DS-8664NI-I8<\/li>\n<li>Up to 64-ch 12 MP IP cameras can be connected<\/li>\n<li>New logical and visualized GUI design<\/li>\n<li>Dual-OS design<\/li>\n<li>ANR technology<\/li>\n<\/ul>\n","protected":false},"featured_media":3287,"comment_status":"open","ping_status":"closed","template":"","meta":{"site-sidebar-layout":"default","site-content-layout":"","ast-site-content-layout":"default","site-content-style":"default","site-sidebar-style":"default","ast-global-header-display":"","ast-banner-title-visibility":"","ast-main-header-display":"","ast-hfb-above-header-display":"","ast-hfb-below-header-display":"","ast-hfb-mobile-header-display":"","site-post-title":"","ast-breadcrumbs-content":"","ast-featured-img":"","footer-sml-layout":"","theme-transparent-header-meta":"default","adv-header-id-meta":"","stick-header-meta":"","header-above-stick-meta":"","header-main-stick-meta":"","header-below-stick-meta":"","astra-migrate-meta-layouts":"set"},"product_cat":[249],"product_tag":[247],"class_list":{"0":"post-3286","1":"product","2":"type-product","3":"status-publish","4":"has-post-thumbnail","6":"product_cat-hikvision-nvr","7":"product_tag-hikvision","8":"desktop-align-left","9":"tablet-align-left","10":"mobile-align-left","12":"first","13":"instock","14":"shipping-taxable","15":"product-type-simple"},"_links":{"self":[{"href":"https:\/\/cclit.com.bd\/index.php?rest_route=\/wp\/v2\/product\/3286","targetHints":{"allow":["GET"]}}],"collection":[{"href":"https:\/\/cclit.com.bd\/index.php?rest_route=\/wp\/v2\/product"}],"about":[{"href":"https:\/\/cclit.com.bd\/index.php?rest_route=\/wp\/v2\/types\/product"}],"replies":[{"embeddable":true,"href":"https:\/\/cclit.com.bd\/index.php?rest_route=%2Fwp%2Fv2%2Fcomments&post=3286"}],"version-history":[{"count":1,"href":"https:\/\/cclit.com.bd\/index.php?rest_route=\/wp\/v2\/product\/3286\/revisions"}],"predecessor-version":[{"id":3288,"href":"https:\/\/cclit.com.bd\/index.php?rest_route=\/wp\/v2\/product\/3286\/revisions\/3288"}],"wp:featuredmedia":[{"embeddable":true,"href":"https:\/\/cclit.com.bd\/index.php?rest_route=\/wp\/v2\/media\/3287"}],"wp:attachment":[{"href":"https:\/\/cclit.com.bd\/index.php?rest_route=%2Fwp%2Fv2%2Fmedia&parent=3286"}],"wp:term":[{"taxonomy":"product_cat","embeddable":true,"href":"https:\/\/cclit.com.bd\/index.php?rest_route=%2Fwp%2Fv2%2Fproduct_cat&post=3286"},{"taxonomy":"product_tag","embeddable":true,"href":"https:\/\/cclit.com.bd\/index.php?rest_route=%2Fwp%2Fv2%2Fproduct_tag&post=3286"}],"curies":[{"name":"wp","href":"https:\/\/api.w.org\/{rel}","templated":true}]}}